{"id":2406,"date":"2015-03-02T07:41:42","date_gmt":"2015-03-02T07:41:42","guid":{"rendered":"http:\/\/re-electjudgesarduy.com\/es\/sample-page-2\/"},"modified":"2016-05-20T11:38:24","modified_gmt":"2016-05-20T15:38:24","slug":"sample-page-2","status":"publish","type":"page","link":"https:\/\/judgesarduy.com\/es\/","title":{"rendered":"Inicio"},"content":{"rendered":"<p>[vc_row][vc_column][vc_column_text]<\/p>\n<h1><\/h1>\n<p>&nbsp;<\/p>\n<h1><strong>Reelige al Juez <\/strong><strong>George &#8220;Jorge&#8221; A.\u00a0Sarduy<\/strong><\/h1>\n<p>&nbsp;<\/p>\n<p>Comit\u00e9 para REELEGIR al Juez George \u201cJorge\u201d A Sarduy<br \/>\nc\/o Monica M. Sarduy<br \/>\n2000 Ponce de Leon Boulevard<br \/>\nSuite 600<br \/>\nCoral Gables, FL 33134<\/p>\n<p>&nbsp;<\/p>\n<p>Queridos amigos:<\/p>\n<p>Es un gran honor escribir sobre el juez George &#8220;Jorge&#8221; A. Sarduy, uno de nuestros jueces de la corte de circuito designado por el ex gobernador Jeb Bush en 2006 al condado de banco, y elevado al circuito del banco por el Gobernador Charlie Crist en 2008. El tiempo vuela cuando disfrutas lo que haces, y George se presenta una vez m\u00e1s a la reelecci\u00f3n en el 2016. Con su ayuda y apoyo esperamos reelegir a un comprometido, sincero y dedicado jurista.<\/p>\n<p>Nuestro sistema judicial se basa en la feria y administraci\u00f3n de justicia recta. George es experto en la ley y tiene una verdadera capacidad de poner los litigantes en calma, logrando que el poder judicial sea menos intimidante para los profanos, dando la bienvenida al abogado. Como juez, George ha manejado asignaciones civiles y criminales. Tambi\u00e9n se ha desempe\u00f1ado en la Divisi\u00f3n de Violencia Dom\u00e9stica, donde escuch\u00f3 los casos civiles y criminales. Tuvo el honor de servir como el juez administrativo asociado de la divisi\u00f3n juvenil, donde \u00e9l presidi\u00f3 sobre los casos de dependencia. Su trabajo actual est\u00e1 en la divisi\u00f3n de la familia. El mes pasado de septiembre, pidieron que George participara como un orador invitado para el evento de d\u00eda de la Constituci\u00f3n Nacional de ABOTA en Miami-Dade College, donde ahora es profesor adjunto. George tambi\u00e9n tiene el honor de ser profesor adjunto en la Universidad de Miami, tambi\u00e9n como en la Universidad de Texas en Austin.<\/p>\n<div>Por favor, t\u00f3mese un momento ahora para hacer una contribuci\u00f3n. Puedes contribuir\u00a0<a href=\"https:\/\/www.paypal.com\/cgi-bin\/webscr?cmd=_s-xclick&amp;hosted_button_id=YB5VG7FDGKPWG\" target=\"_blank\" shape=\"rect\">v\u00eda Paypal:<\/a><\/div>\n<div>O por correo, env\u00ede su cheque a nombre de:<\/div>\n<div>\u201cCampaign to RE-ELECT, Judge George A. Sarduy\u201d<br \/>\nc\/o Monica M. Sarduy, Deputy Treasurer<br \/>\n2000 Ponce De Leon Blvd, Ste 600<br \/>\nCoral Gables, FL 33134<\/div>\n<div>Su contribuci\u00f3n ayudar\u00e1 en asegurar que George tenga la oportunidad de continuar sirviendo nuestra comunidad. Gracias.<\/div>\n<div><\/div>\n<div><img loading=\"lazy\" class=\"alignnone wp-image-2395 size-full\" src=\"https:\/\/judgesarduy.com\/wp-content\/uploads\/2015\/03\/bottom-image-homepage.jpg\" alt=\"bottom-image-homepage , Jueces Tribunal de Circuito\" width=\"1000\" height=\"500\" srcset=\"https:\/\/judgesarduy.com\/wp-content\/uploads\/2015\/03\/bottom-image-homepage.jpg 1000w, https:\/\/judgesarduy.com\/wp-content\/uploads\/2015\/03\/bottom-image-homepage-300x150.jpg 300w, https:\/\/judgesarduy.com\/wp-content\/uploads\/2015\/03\/bottom-image-homepage-260x130.jpg 260w, https:\/\/judgesarduy.com\/wp-content\/uploads\/2015\/03\/bottom-image-homepage-50x25.jpg 50w, https:\/\/judgesarduy.com\/wp-content\/uploads\/2015\/03\/bottom-image-homepage-150x75.jpg 150w\" sizes=\"(max-width: 1000px) 100vw, 1000px\" \/><\/div>\n<p>[\/vc_column_text][\/vc_column][\/vc_row]<\/p>\n","protected":false},"excerpt":{"rendered":"<p>[vc_row][vc_column][vc_column_text] &nbsp; Reelige al Juez George &#8220;Jorge&#8221; A.\u00a0Sarduy &nbsp; Comit\u00e9 para REELEGIR al Juez George \u201cJorge\u201d A Sarduy c\/o Monica M. Sarduy 2000 Ponce de Leon<span class=\"excerpt-hellip\"> [\u2026]<\/span><\/p>\n","protected":false},"author":1,"featured_media":0,"parent":0,"menu_order":0,"comment_status":"open","ping_status":"open","template":"","meta":[],"yoast_head":"<!-- This site is optimized with the Yoast SEO plugin v16.9 - https:\/\/yoast.com\/wordpress\/plugins\/seo\/ -->\n<title>Jueces Tribunal de Circuito | Jorge A. Sarduy<\/title>\n<meta name=\"description\" content=\"Tenemos el honor de dirigirme a usted acerca juez George &quot; Jorge &quot; A. Sarduy , uno de nuestros Jueces Tribunal de Circuito designado por el ex gobernador Jeb Bush en 2006\u00a0\" \/>\n<meta name=\"robots\" content=\"index, follow, max-snippet:-1, max-image-preview:large, max-video-preview:-1\" \/>\n<link rel=\"canonical\" href=\"https:\/\/judgesarduy.com\/es\/\" \/>\n<meta property=\"og:locale\" content=\"es_ES\" \/>\n<meta property=\"og:type\" content=\"article\" \/>\n<meta property=\"og:title\" content=\"Jueces Tribunal de Circuito | Jorge A. Sarduy\" \/>\n<meta property=\"og:description\" content=\"Tenemos el honor de dirigirme a usted acerca juez George &quot; Jorge &quot; A. Sarduy , uno de nuestros Jueces Tribunal de Circuito designado por el ex gobernador Jeb Bush en 2006\u00a0\" \/>\n<meta property=\"og:url\" content=\"https:\/\/judgesarduy.com\/es\/\" \/>\n<meta property=\"og:site_name\" content=\"Re-Elect Judge George &quot;Jorge&quot; Sarduy\" \/>\n<meta property=\"article:publisher\" content=\"https:\/\/www.facebook.com\/judgesarduy?fref=ts\" \/>\n<meta property=\"article:modified_time\" content=\"2016-05-20T15:38:24+00:00\" \/>\n<meta property=\"og:image\" content=\"https:\/\/judgesarduy.com\/wp-content\/uploads\/2015\/03\/bottom-image-homepage.jpg\" \/>\n<meta name=\"twitter:card\" content=\"summary\" \/>\n<meta name=\"twitter:label1\" content=\"Tiempo de lectura\" \/>\n\t<meta name=\"twitter:data1\" content=\"2 minutos\" \/>\n<script type=\"application\/ld+json\" class=\"yoast-schema-graph\">{\"@context\":\"https:\/\/schema.org\",\"@graph\":[{\"@type\":\"WebSite\",\"@id\":\"https:\/\/judgesarduy.com\/#website\",\"url\":\"https:\/\/judgesarduy.com\/\",\"name\":\"Re-Elect Judge George &quot;Jorge&quot; Sarduy\",\"description\":\"Miami-Dade County Circuit Court Judge District 11 Group 74\",\"potentialAction\":[{\"@type\":\"SearchAction\",\"target\":{\"@type\":\"EntryPoint\",\"urlTemplate\":\"https:\/\/judgesarduy.com\/?s={search_term_string}\"},\"query-input\":\"required name=search_term_string\"}],\"inLanguage\":\"es\"},{\"@type\":\"ImageObject\",\"@id\":\"https:\/\/judgesarduy.com\/es\/#primaryimage\",\"inLanguage\":\"es\",\"url\":\"https:\/\/judgesarduy.com\/wp-content\/uploads\/2015\/03\/bottom-image-homepage.jpg\",\"contentUrl\":\"https:\/\/judgesarduy.com\/wp-content\/uploads\/2015\/03\/bottom-image-homepage.jpg\"},{\"@type\":\"WebPage\",\"@id\":\"https:\/\/judgesarduy.com\/es\/#webpage\",\"url\":\"https:\/\/judgesarduy.com\/es\/\",\"name\":\"Jueces Tribunal de Circuito | Jorge A. Sarduy\",\"isPartOf\":{\"@id\":\"https:\/\/judgesarduy.com\/#website\"},\"primaryImageOfPage\":{\"@id\":\"https:\/\/judgesarduy.com\/es\/#primaryimage\"},\"datePublished\":\"2015-03-02T07:41:42+00:00\",\"dateModified\":\"2016-05-20T15:38:24+00:00\",\"description\":\"Tenemos el honor de dirigirme a usted acerca juez George \\\" Jorge \\\" A. Sarduy , uno de nuestros Jueces Tribunal de Circuito designado por el ex gobernador Jeb Bush en 2006\\u00a0\",\"breadcrumb\":{\"@id\":\"https:\/\/judgesarduy.com\/es\/#breadcrumb\"},\"inLanguage\":\"es\",\"potentialAction\":[{\"@type\":\"ReadAction\",\"target\":[\"https:\/\/judgesarduy.com\/es\/\"]}]},{\"@type\":\"BreadcrumbList\",\"@id\":\"https:\/\/judgesarduy.com\/es\/#breadcrumb\",\"itemListElement\":[{\"@type\":\"ListItem\",\"position\":1,\"name\":\"Home\",\"item\":\"https:\/\/judgesarduy.com\/es\/\"},{\"@type\":\"ListItem\",\"position\":2,\"name\":\"Inicio\"}]}]}<\/script>\n<!-- \/ Yoast SEO plugin. -->","yoast_head_json":{"title":"Jueces Tribunal de Circuito | Jorge A. Sarduy","description":"Tenemos el honor de dirigirme a usted acerca juez George \" Jorge \" A. Sarduy , uno de nuestros Jueces Tribunal de Circuito designado por el ex gobernador Jeb Bush en 2006\u00a0","robots":{"index":"index","follow":"follow","max-snippet":"max-snippet:-1","max-image-preview":"max-image-preview:large","max-video-preview":"max-video-preview:-1"},"canonical":"https:\/\/judgesarduy.com\/es\/","og_locale":"es_ES","og_type":"article","og_title":"Jueces Tribunal de Circuito | Jorge A. Sarduy","og_description":"Tenemos el honor de dirigirme a usted acerca juez George \" Jorge \" A. Sarduy , uno de nuestros Jueces Tribunal de Circuito designado por el ex gobernador Jeb Bush en 2006\u00a0","og_url":"https:\/\/judgesarduy.com\/es\/","og_site_name":"Re-Elect Judge George &quot;Jorge&quot; Sarduy","article_publisher":"https:\/\/www.facebook.com\/judgesarduy?fref=ts","article_modified_time":"2016-05-20T15:38:24+00:00","og_image":[{"url":"https:\/\/judgesarduy.com\/wp-content\/uploads\/2015\/03\/bottom-image-homepage.jpg"}],"twitter_card":"summary","twitter_misc":{"Tiempo de lectura":"2 minutos"},"schema":{"@context":"https:\/\/schema.org","@graph":[{"@type":"WebSite","@id":"https:\/\/judgesarduy.com\/#website","url":"https:\/\/judgesarduy.com\/","name":"Re-Elect Judge George &quot;Jorge&quot; Sarduy","description":"Miami-Dade County Circuit Court Judge District 11 Group 74","potentialAction":[{"@type":"SearchAction","target":{"@type":"EntryPoint","urlTemplate":"https:\/\/judgesarduy.com\/?s={search_term_string}"},"query-input":"required name=search_term_string"}],"inLanguage":"es"},{"@type":"ImageObject","@id":"https:\/\/judgesarduy.com\/es\/#primaryimage","inLanguage":"es","url":"https:\/\/judgesarduy.com\/wp-content\/uploads\/2015\/03\/bottom-image-homepage.jpg","contentUrl":"https:\/\/judgesarduy.com\/wp-content\/uploads\/2015\/03\/bottom-image-homepage.jpg"},{"@type":"WebPage","@id":"https:\/\/judgesarduy.com\/es\/#webpage","url":"https:\/\/judgesarduy.com\/es\/","name":"Jueces Tribunal de Circuito | Jorge A. Sarduy","isPartOf":{"@id":"https:\/\/judgesarduy.com\/#website"},"primaryImageOfPage":{"@id":"https:\/\/judgesarduy.com\/es\/#primaryimage"},"datePublished":"2015-03-02T07:41:42+00:00","dateModified":"2016-05-20T15:38:24+00:00","description":"Tenemos el honor de dirigirme a usted acerca juez George \" Jorge \" A. Sarduy , uno de nuestros Jueces Tribunal de Circuito designado por el ex gobernador Jeb Bush en 2006\u00a0","breadcrumb":{"@id":"https:\/\/judgesarduy.com\/es\/#breadcrumb"},"inLanguage":"es","potentialAction":[{"@type":"ReadAction","target":["https:\/\/judgesarduy.com\/es\/"]}]},{"@type":"BreadcrumbList","@id":"https:\/\/judgesarduy.com\/es\/#breadcrumb","itemListElement":[{"@type":"ListItem","position":1,"name":"Home","item":"https:\/\/judgesarduy.com\/es\/"},{"@type":"ListItem","position":2,"name":"Inicio"}]}]}},"_links":{"self":[{"href":"https:\/\/judgesarduy.com\/es\/wp-json\/wp\/v2\/pages\/2406"}],"collection":[{"href":"https:\/\/judgesarduy.com\/es\/wp-json\/wp\/v2\/pages"}],"about":[{"href":"https:\/\/judgesarduy.com\/es\/wp-json\/wp\/v2\/types\/page"}],"author":[{"embeddable":true,"href":"https:\/\/judgesarduy.com\/es\/wp-json\/wp\/v2\/users\/1"}],"replies":[{"embeddable":true,"href":"https:\/\/judgesarduy.com\/es\/wp-json\/wp\/v2\/comments?post=2406"}],"version-history":[{"count":3,"href":"https:\/\/judgesarduy.com\/es\/wp-json\/wp\/v2\/pages\/2406\/revisions"}],"predecessor-version":[{"id":2416,"href":"https:\/\/judgesarduy.com\/es\/wp-json\/wp\/v2\/pages\/2406\/revisions\/2416"}],"wp:attachment":[{"href":"https:\/\/judgesarduy.com\/es\/wp-json\/wp\/v2\/media?parent=2406"}],"curies":[{"name":"wp","href":"https:\/\/api.w.org\/{rel}","templated":true}]}}