{"id":2475,"date":"2016-05-20T12:20:17","date_gmt":"2016-05-20T16:20:17","guid":{"rendered":"http:\/\/re-electjudgesarduy.com\/es\/?page_id=2475"},"modified":"2016-06-10T11:05:51","modified_gmt":"2016-06-10T15:05:51","slug":"como-votar","status":"publish","type":"page","link":"https:\/\/judgesarduy.com\/es\/como-votar\/","title":{"rendered":"C\u00f3mo Votar"},"content":{"rendered":"<p>[vc_row][vc_column][vc_column_text]<\/p>\n<h2><b><a href=\"https:\/\/judgesarduy.com\/wp-content\/uploads\/2015\/03\/vote-button.jpg\"><img loading=\"lazy\" class=\"  wp-image-2440 alignright\" src=\"https:\/\/judgesarduy.com\/wp-content\/uploads\/2015\/03\/vote-button.jpg\" alt=\"vote-button\" width=\"300\" height=\"300\" srcset=\"https:\/\/judgesarduy.com\/wp-content\/uploads\/2015\/03\/vote-button.jpg 1000w, https:\/\/judgesarduy.com\/wp-content\/uploads\/2015\/03\/vote-button-150x150.jpg 150w, https:\/\/judgesarduy.com\/wp-content\/uploads\/2015\/03\/vote-button-300x300.jpg 300w, https:\/\/judgesarduy.com\/wp-content\/uploads\/2015\/03\/vote-button-146x146.jpg 146w, https:\/\/judgesarduy.com\/wp-content\/uploads\/2015\/03\/vote-button-50x50.jpg 50w, https:\/\/judgesarduy.com\/wp-content\/uploads\/2015\/03\/vote-button-80x80.jpg 80w, https:\/\/judgesarduy.com\/wp-content\/uploads\/2015\/03\/vote-button-75x75.jpg 75w, https:\/\/judgesarduy.com\/wp-content\/uploads\/2015\/03\/vote-button-85x85.jpg 85w\" sizes=\"(max-width: 300px) 100vw, 300px\" \/><\/a>Informaci\u00f3n para Votar<\/b><\/h2>\n<p><span style=\"font-weight: 400;\">Votar es un derecho constitucional y la clave para una naci\u00f3n democr\u00e1tica. A trav\u00e9s de nuestros votos, ejercemos nuestro derecho a ser escuchados como personas.<\/span><\/p>\n<h3><b>Est\u00e1 usted registrado para votar?<\/b><\/h3>\n<p><span style=\"font-weight: 400;\">Registrarse para votar es un derecho. Lo pueden hacer aquellas personas que son mayores de 18 a\u00f1os de edad y sean ciudadanos de los Estados Unidos, y que cumplan con los requisitos requeridos.<\/span><\/p>\n<p><span style=\"font-weight: 400;\"><a href=\"http:\/\/www.miamidade.gov\/elections\/voter-information.asp\" target=\"_blank\">Verifica el estatus de tu Registraci\u00f3n de Votante<\/a><\/span><\/p>\n<p><span style=\"font-weight: 400;\"><a href=\"http:\/\/www.miamidade.gov\/elections\/voter-information.asp\" target=\"_blank\">Revisa tu informaci\u00f3n de votante<\/a><\/span><\/p>\n<h3><b>Cambios de direcci\u00f3n<\/b><\/h3>\n<p><span style=\"font-weight: 400;\">Los votantes registrados en el condado de Miami-Dade County pueden hacer su <a href=\"http:\/\/www.miamidade.gov\/elections\/regist-status.asp\" target=\"_blank\">cambio de direcci\u00f3n online<\/a>.<\/span><\/p>\n<p><span style=\"font-weight: 400;\">Los votantes del condado, o aquellos votantes que se est\u00e1 mudando al condado Miami-Dade, pueden solicitar el cambio de direcci\u00f3n a trav\u00e9s del departamento de elecciones via:<\/span><\/p>\n<ul>\n<li><span style=\"font-weight: 400;\">Correo:<\/span> <a href=\"mailto:register@miamidade.gov\" target=\"_blank\">register@miamidade.gov<\/a><\/li>\n<li><span style=\"font-weight: 400;\">Tel\u00e9fono: 305-499-8683 (VOTE)<\/span><\/li>\n<li>Fax: 305-499-8371<\/li>\n<\/ul>\n<p><span style=\"font-weight: 400;\">Tendr\u00e1 que que proporcionar la siguiente informaci\u00f3n: nombre completo, nueva residencia, direcci\u00f3n de correo electr\u00f3nico, fecha de nacimiento y opcional, su n\u00famero de tel\u00e9fono.<\/span><\/p>\n<p><span style=\"font-weight: 400;\">Los votantes que se est\u00e1n mudando de otro condado de la Florida hacia el condado de Miami-Dade, pueden suministrar su <a href=\"http:\/\/dos.myflorida.com\/media\/693757\/dsde39.pdf\" target=\"_blank\">solicitud de inscripci\u00f3n<\/a> en<\/span> <span style=\"font-weight: 400;\">Espa\u00f1ol o<\/span>\u00a0<a href=\"http:\/\/www.miamidade.gov\/elections\/library\/forms\/voter-registration-application-creole.pdf\" target=\"_blank\">Creole<\/a><span style=\"font-weight: 400;\">, via el departamento de elecciones:<\/span><\/p>\n<p><strong><b>Supervisor de Elecciones<\/b><br \/>\n<\/strong>Attn: Registration Division<br \/>\nPO BOX 521550<br \/>\nMIAMI,\u00a0FL 33152<\/p>\n<h3><b>D\u00f3nde puedo votar?<\/b><\/h3>\n<p><span style=\"font-weight: 400;\">El d\u00eda de la elecci\u00f3n, usted podr\u00e1 votar en un edificio p\u00fablico cerca de su casa.<\/span><br \/>\n<span style=\"font-weight: 400;\">Usted puede encontrar su lugar de votaci\u00f3n haciendo click en este enlace: <\/span><a href=\"http:\/\/www.miamidade.gov\/elections\/voter-information.asp\"><span style=\"font-weight: 400;\">Lugar de Votaci\u00f3n.<\/span><\/a><\/p>\n<p><span style=\"font-weight: 400;\">Para m\u00e1s informaci\u00f3n visite:\u00a0<a href=\"http:\/\/www.iamelectionready.com\/\">www.IamElectionReady.com<\/a><span style=\"font-weight: 400;\">.<\/span><\/span>[\/vc_column_text][\/vc_column][\/vc_row]<\/p>\n","protected":false},"excerpt":{"rendered":"<p>[vc_row][vc_column][vc_column_text] Informaci\u00f3n para Votar Votar es un derecho constitucional y la clave para una naci\u00f3n democr\u00e1tica. A trav\u00e9s de nuestros votos, ejercemos nuestro derecho a ser<span class=\"excerpt-hellip\"> [\u2026]<\/span><\/p>\n","protected":false},"author":2,"featured_media":0,"parent":0,"menu_order":0,"comment_status":"open","ping_status":"open","template":"","meta":[],"yoast_head":"<!-- This site is optimized with the Yoast SEO plugin v16.9 - https:\/\/yoast.com\/wordpress\/plugins\/seo\/ -->\n<title>C\u00f3mo Votar - Re-Elect Judge George &quot;Jorge&quot; Sarduy<\/title>\n<meta name=\"robots\" content=\"index, follow, max-snippet:-1, max-image-preview:large, max-video-preview:-1\" \/>\n<link rel=\"canonical\" href=\"https:\/\/judgesarduy.com\/es\/como-votar\/\" \/>\n<meta property=\"og:locale\" content=\"es_ES\" \/>\n<meta property=\"og:type\" content=\"article\" \/>\n<meta property=\"og:title\" content=\"C\u00f3mo Votar - Re-Elect Judge George &quot;Jorge&quot; Sarduy\" \/>\n<meta property=\"og:description\" content=\"[vc_row][vc_column][vc_column_text] Informaci\u00f3n para Votar Votar es un derecho constitucional y la clave para una naci\u00f3n democr\u00e1tica. A trav\u00e9s de nuestros votos, ejercemos nuestro derecho a ser [\u2026]\" \/>\n<meta property=\"og:url\" content=\"https:\/\/judgesarduy.com\/es\/como-votar\/\" \/>\n<meta property=\"og:site_name\" content=\"Re-Elect Judge George &quot;Jorge&quot; Sarduy\" \/>\n<meta property=\"article:publisher\" content=\"https:\/\/www.facebook.com\/judgesarduy?fref=ts\" \/>\n<meta property=\"article:modified_time\" content=\"2016-06-10T15:05:51+00:00\" \/>\n<meta property=\"og:image\" content=\"https:\/\/judgesarduy.com\/wp-content\/uploads\/2015\/03\/vote-button.jpg\" \/>\n<meta name=\"twitter:card\" content=\"summary\" \/>\n<meta name=\"twitter:label1\" content=\"Tiempo de lectura\" \/>\n\t<meta name=\"twitter:data1\" content=\"1 minuto\" \/>\n<script type=\"application\/ld+json\" class=\"yoast-schema-graph\">{\"@context\":\"https:\/\/schema.org\",\"@graph\":[{\"@type\":\"WebSite\",\"@id\":\"https:\/\/judgesarduy.com\/#website\",\"url\":\"https:\/\/judgesarduy.com\/\",\"name\":\"Re-Elect Judge George &quot;Jorge&quot; Sarduy\",\"description\":\"Miami-Dade County Circuit Court Judge District 11 Group 74\",\"potentialAction\":[{\"@type\":\"SearchAction\",\"target\":{\"@type\":\"EntryPoint\",\"urlTemplate\":\"https:\/\/judgesarduy.com\/?s={search_term_string}\"},\"query-input\":\"required name=search_term_string\"}],\"inLanguage\":\"es\"},{\"@type\":\"ImageObject\",\"@id\":\"https:\/\/judgesarduy.com\/es\/como-votar\/#primaryimage\",\"inLanguage\":\"es\",\"url\":\"https:\/\/judgesarduy.com\/wp-content\/uploads\/2015\/03\/vote-button.jpg\",\"contentUrl\":\"https:\/\/judgesarduy.com\/wp-content\/uploads\/2015\/03\/vote-button.jpg\"},{\"@type\":\"WebPage\",\"@id\":\"https:\/\/judgesarduy.com\/es\/como-votar\/#webpage\",\"url\":\"https:\/\/judgesarduy.com\/es\/como-votar\/\",\"name\":\"C\\u00f3mo Votar - Re-Elect Judge George &quot;Jorge&quot; Sarduy\",\"isPartOf\":{\"@id\":\"https:\/\/judgesarduy.com\/#website\"},\"primaryImageOfPage\":{\"@id\":\"https:\/\/judgesarduy.com\/es\/como-votar\/#primaryimage\"},\"datePublished\":\"2016-05-20T16:20:17+00:00\",\"dateModified\":\"2016-06-10T15:05:51+00:00\",\"breadcrumb\":{\"@id\":\"https:\/\/judgesarduy.com\/es\/como-votar\/#breadcrumb\"},\"inLanguage\":\"es\",\"potentialAction\":[{\"@type\":\"ReadAction\",\"target\":[\"https:\/\/judgesarduy.com\/es\/como-votar\/\"]}]},{\"@type\":\"BreadcrumbList\",\"@id\":\"https:\/\/judgesarduy.com\/es\/como-votar\/#breadcrumb\",\"itemListElement\":[{\"@type\":\"ListItem\",\"position\":1,\"name\":\"Home\",\"item\":\"https:\/\/judgesarduy.com\/es\/\"},{\"@type\":\"ListItem\",\"position\":2,\"name\":\"C\\u00f3mo Votar\"}]}]}<\/script>\n<!-- \/ Yoast SEO plugin. -->","yoast_head_json":{"title":"C\u00f3mo Votar - Re-Elect Judge George &quot;Jorge&quot; Sarduy","robots":{"index":"index","follow":"follow","max-snippet":"max-snippet:-1","max-image-preview":"max-image-preview:large","max-video-preview":"max-video-preview:-1"},"canonical":"https:\/\/judgesarduy.com\/es\/como-votar\/","og_locale":"es_ES","og_type":"article","og_title":"C\u00f3mo Votar - Re-Elect Judge George &quot;Jorge&quot; Sarduy","og_description":"[vc_row][vc_column][vc_column_text] Informaci\u00f3n para Votar Votar es un derecho constitucional y la clave para una naci\u00f3n democr\u00e1tica. A trav\u00e9s de nuestros votos, ejercemos nuestro derecho a ser [\u2026]","og_url":"https:\/\/judgesarduy.com\/es\/como-votar\/","og_site_name":"Re-Elect Judge George &quot;Jorge&quot; Sarduy","article_publisher":"https:\/\/www.facebook.com\/judgesarduy?fref=ts","article_modified_time":"2016-06-10T15:05:51+00:00","og_image":[{"url":"https:\/\/judgesarduy.com\/wp-content\/uploads\/2015\/03\/vote-button.jpg"}],"twitter_card":"summary","twitter_misc":{"Tiempo de lectura":"1 minuto"},"schema":{"@context":"https:\/\/schema.org","@graph":[{"@type":"WebSite","@id":"https:\/\/judgesarduy.com\/#website","url":"https:\/\/judgesarduy.com\/","name":"Re-Elect Judge George &quot;Jorge&quot; Sarduy","description":"Miami-Dade County Circuit Court Judge District 11 Group 74","potentialAction":[{"@type":"SearchAction","target":{"@type":"EntryPoint","urlTemplate":"https:\/\/judgesarduy.com\/?s={search_term_string}"},"query-input":"required name=search_term_string"}],"inLanguage":"es"},{"@type":"ImageObject","@id":"https:\/\/judgesarduy.com\/es\/como-votar\/#primaryimage","inLanguage":"es","url":"https:\/\/judgesarduy.com\/wp-content\/uploads\/2015\/03\/vote-button.jpg","contentUrl":"https:\/\/judgesarduy.com\/wp-content\/uploads\/2015\/03\/vote-button.jpg"},{"@type":"WebPage","@id":"https:\/\/judgesarduy.com\/es\/como-votar\/#webpage","url":"https:\/\/judgesarduy.com\/es\/como-votar\/","name":"C\u00f3mo Votar - Re-Elect Judge George &quot;Jorge&quot; Sarduy","isPartOf":{"@id":"https:\/\/judgesarduy.com\/#website"},"primaryImageOfPage":{"@id":"https:\/\/judgesarduy.com\/es\/como-votar\/#primaryimage"},"datePublished":"2016-05-20T16:20:17+00:00","dateModified":"2016-06-10T15:05:51+00:00","breadcrumb":{"@id":"https:\/\/judgesarduy.com\/es\/como-votar\/#breadcrumb"},"inLanguage":"es","potentialAction":[{"@type":"ReadAction","target":["https:\/\/judgesarduy.com\/es\/como-votar\/"]}]},{"@type":"BreadcrumbList","@id":"https:\/\/judgesarduy.com\/es\/como-votar\/#breadcrumb","itemListElement":[{"@type":"ListItem","position":1,"name":"Home","item":"https:\/\/judgesarduy.com\/es\/"},{"@type":"ListItem","position":2,"name":"C\u00f3mo Votar"}]}]}},"_links":{"self":[{"href":"https:\/\/judgesarduy.com\/es\/wp-json\/wp\/v2\/pages\/2475"}],"collection":[{"href":"https:\/\/judgesarduy.com\/es\/wp-json\/wp\/v2\/pages"}],"about":[{"href":"https:\/\/judgesarduy.com\/es\/wp-json\/wp\/v2\/types\/page"}],"author":[{"embeddable":true,"href":"https:\/\/judgesarduy.com\/es\/wp-json\/wp\/v2\/users\/2"}],"replies":[{"embeddable":true,"href":"https:\/\/judgesarduy.com\/es\/wp-json\/wp\/v2\/comments?post=2475"}],"version-history":[{"count":5,"href":"https:\/\/judgesarduy.com\/es\/wp-json\/wp\/v2\/pages\/2475\/revisions"}],"predecessor-version":[{"id":2503,"href":"https:\/\/judgesarduy.com\/es\/wp-json\/wp\/v2\/pages\/2475\/revisions\/2503"}],"wp:attachment":[{"href":"https:\/\/judgesarduy.com\/es\/wp-json\/wp\/v2\/media?parent=2475"}],"curies":[{"name":"wp","href":"https:\/\/api.w.org\/{rel}","templated":true}]}}